{"id":25,"date":"2025-02-28T10:50:05","date_gmt":"2025-02-28T10:50:05","guid":{"rendered":"https:\/\/javierrisi.rkinformatika.online\/?page_id=25"},"modified":"2025-03-26T10:27:42","modified_gmt":"2025-03-26T10:27:42","slug":"inicio","status":"publish","type":"page","link":"https:\/\/javiervalencianorisi.com\/eu\/","title":{"rendered":"Hasiera"},"content":{"rendered":"<div data-elementor-type=\"wp-post\" data-elementor-id=\"25\" class=\"elementor elementor-25\" data-elementor-post-type=\"page\">\n\t\t\t\t<div class=\"elementor-element elementor-element-5f831f7 e-con-full e-flex elementor-invisible e-con e-parent\" data-id=\"5f831f7\" data-element_type=\"container\" data-e-type=\"container\" data-settings=\"{&quot;background_background&quot;:&quot;classic&quot;,&quot;animation&quot;:&quot;fadeInDown&quot;}\">\n\t\t\t\t<\/div>\n\t\t<div class=\"elementor-element elementor-element-2e26434 e-con-full e-flex e-con e-parent\" data-id=\"2e26434\" data-element_type=\"container\" data-e-type=\"container\">\n\t\t\t\t<div class=\"elementor-element elementor-element-a98977d elementor-widget elementor-widget-heading\" data-id=\"a98977d\" data-element_type=\"widget\" data-e-type=\"widget\" data-widget_type=\"heading.default\">\n\t\t\t\t<div class=\"elementor-widget-container\">\n\t\t\t\t\t<h2 class=\"elementor-heading-title elementor-size-default\">Guri buruz<\/h2>\t\t\t\t<\/div>\n\t\t\t\t<\/div>\n\t\t\t\t<\/div>\n\t\t<div class=\"elementor-element elementor-element-fb1e19a e-flex e-con-boxed e-con e-parent\" data-id=\"fb1e19a\" data-element_type=\"container\" data-e-type=\"container\">\n\t\t\t\t\t<div class=\"e-con-inner\">\n\t\t<div class=\"elementor-element elementor-element-59c68d9 e-con-full e-flex e-con e-child\" data-id=\"59c68d9\" data-element_type=\"container\" data-e-type=\"container\">\n\t\t\t\t<div class=\"elementor-element elementor-element-91d04fc elementor-widget__width-initial elementor-widget-mobile__width-initial elementor-widget elementor-widget-text-editor\" data-id=\"91d04fc\" data-element_type=\"widget\" data-e-type=\"widget\" data-widget_type=\"text-editor.default\">\n\t\t\t\t<div class=\"elementor-widget-container\">\n\t\t\t\t\t\t\t\t\t<h5 class=\"text-xl font-bold text-text-200 mt-1 -mb-0.5\"><span style=\"color: #ca243b;\"><strong>Espainiako tradizioaren zaporea 1969tik<\/strong><\/span><\/h5><p class=\"whitespace-pre-wrap break-words\">55 urte baino gehiago eman ditu Risik Espainiako etxeetara irribarreak ekartzen. Aperitiboen industrian aitzindari gisa Espainian, harro gaude kalitate goreneko produktuak eskaintzeagatik, une zoriontsuetako belaunaldiek lagunduta.<\/p><h5 class=\"text-xl font-bold text-text-200 mt-1 -mb-0.5\"><span style=\"color: #ca243b;\"><strong>Gure produktuak<\/strong><\/span><\/h5><p class=\"whitespace-pre-wrap break-words\"><strong>Patatak eta zizka-mizkak<\/strong> \u2013 Kurruskariak, zaporetsuak eta osagai onenekin prestatuak. Perfektuak edozein momentutarako.<\/p><p class=\"whitespace-pre-wrap break-words\"><strong>Aperitiboak<\/strong> \u2013 Gustu guztiak asetzeko aukera zabala, tradizionalenetatik hasi eta proposamen berritzaileetaraino.<\/p><p class=\"whitespace-pre-wrap break-words\"><strong>Fruitu lehorrak<\/strong> \u2013 Arretaz aukeratuak mokadu bakoitzean naturaren onena eskaintzeko.<\/p><p class=\"whitespace-pre-wrap break-words\"><strong>Konfiturak<\/strong> \u2013 Ahosabai zorrotzenetarako arretaz egindako sorkuntza gozoak.<\/p><p class=\"whitespace-pre-wrap break-words\"><strong>Gozokiak<\/strong> \u2013 Gure produktu sorta osatzen duen ukitu gozoa, edozein unetan gozatzeko ezin hobea.<\/p><h5 class=\"text-xl font-bold text-text-200 mt-1 -mb-0.5\"><span style=\"color: #ca243b;\"><strong>Batzen gaituen zaporea<\/strong><\/span><\/h5><p class=\"whitespace-pre-wrap break-words\">Risin uste dugu unerik onenak partekatu egiten direla. Gure produktuak familia bilerak, lagunekin topaketak, ospakizunak edo, besterik gabe, gutizia txiki bat gozatzeko osagarri perfektua izateko diseinatuta daude.<\/p><p class=\"whitespace-pre-wrap break-words\"><strong>Kalitatea, tradizioa eta berrikuntza<\/strong> \u2013 Risi bost hamarkada baino gehiagoan sektoreko erreferente gisa mantendu duten hiru zutabeak.<\/p><p class=\"whitespace-pre-wrap break-words\">Ezagutu gure produktu sorta osoa eta harritu zaitez benetako Risi zaporearekin!<\/p>\t\t\t\t\t\t\t\t<\/div>\n\t\t\t\t<\/div>\n\t\t<div class=\"elementor-element elementor-element-19ae90f e-con-full e-flex e-con e-child\" data-id=\"19ae90f\" data-element_type=\"container\" data-e-type=\"container\">\n\t\t\t\t<div class=\"elementor-element elementor-element-eabd949 elementor-widget elementor-widget-image\" data-id=\"eabd949\" data-element_type=\"widget\" data-e-type=\"widget\" data-widget_type=\"image.default\">\n\t\t\t\t<div class=\"elementor-widget-container\">\n\t\t\t\t\t\t\t\t\t\t\t\t\t\t\t<img fetchpriority=\"high\" decoding=\"async\" width=\"2000\" height=\"280\" src=\"https:\/\/javiervalencianorisi.com\/wp-content\/uploads\/2025\/03\/10_big_20190516170111.jpg\" class=\"elementor-animation-pulse-grow attachment-full size-full wp-image-830\" alt=\"\" srcset=\"https:\/\/javiervalencianorisi.com\/wp-content\/uploads\/2025\/03\/10_big_20190516170111.jpg 2000w, https:\/\/javiervalencianorisi.com\/wp-content\/uploads\/2025\/03\/10_big_20190516170111-300x42.jpg 300w, https:\/\/javiervalencianorisi.com\/wp-content\/uploads\/2025\/03\/10_big_20190516170111-1024x143.jpg 1024w, https:\/\/javiervalencianorisi.com\/wp-content\/uploads\/2025\/03\/10_big_20190516170111-768x108.jpg 768w, https:\/\/javiervalencianorisi.com\/wp-content\/uploads\/2025\/03\/10_big_20190516170111-1536x215.jpg 1536w, https:\/\/javiervalencianorisi.com\/wp-content\/uploads\/2025\/03\/10_big_20190516170111-18x3.jpg 18w\" sizes=\"(max-width: 2000px) 100vw, 2000px\" \/>\t\t\t\t\t\t\t\t\t\t\t\t\t\t\t<\/div>\n\t\t\t\t<\/div>\n\t\t\t\t<div class=\"elementor-element elementor-element-bea292f elementor-align-center elementor-widget elementor-widget-button\" data-id=\"bea292f\" data-element_type=\"widget\" data-e-type=\"widget\" data-widget_type=\"button.default\">\n\t\t\t\t<div class=\"elementor-widget-container\">\n\t\t\t\t\t\t\t\t\t<div class=\"elementor-button-wrapper\">\n\t\t\t\t\t<a class=\"elementor-button elementor-button-link elementor-size-sm elementor-animation-pulse-grow\" href=\"https:\/\/risi.es\/\" target=\"_blank\">\n\t\t\t\t\t\t<span class=\"elementor-button-content-wrapper\">\n\t\t\t\t\t\t\t\t\t<span class=\"elementor-button-text\">Ezagutu gaitzazu <\/span>\n\t\t\t\t\t<\/span>\n\t\t\t\t\t<\/a>\n\t\t\t\t<\/div>\n\t\t\t\t\t\t\t\t<\/div>\n\t\t\t\t<\/div>\n\t\t\t\t<\/div>\n\t\t\t\t<\/div>\n\t\t\t\t\t<\/div>\n\t\t\t\t<\/div>\n\t\t<div class=\"elementor-element elementor-element-698cc47 e-con-full e-flex elementor-invisible e-con e-parent\" data-id=\"698cc47\" data-element_type=\"container\" data-e-type=\"container\" data-settings=\"{&quot;background_background&quot;:&quot;classic&quot;,&quot;animation&quot;:&quot;fadeInUp&quot;}\">\n\t\t\t\t<\/div>\n\t\t\t\t<\/div>","protected":false},"excerpt":{"rendered":"<p>Sobre nosotros El sabor de la tradici\u00f3n espa\u00f1ola desde 1969 Durante m\u00e1s de 55 a\u00f1os, Risi ha estado trayendo sonrisas a los hogares espa\u00f1oles. Como pioneros en la industria de aperitivos en Espa\u00f1a, nos enorgullece ofrecer productos de la m\u00e1s alta calidad que han acompa\u00f1ado generaciones de momentos felices. Nuestros productos Patatas y Snacks &#8211; [&hellip;]<\/p>\n","protected":false},"author":1,"featured_media":0,"parent":0,"menu_order":0,"comment_status":"closed","ping_status":"closed","template":"elementor_canvas","meta":{"footnotes":""},"class_list":["post-25","page","type-page","status-publish","hentry"],"yoast_head":"<!-- This site is optimized with the Yoast SEO plugin v27.3 - https:\/\/yoast.com\/product\/yoast-seo-wordpress\/ -->\n<title>Inicio - Javier Risi<\/title>\n<meta name=\"robots\" content=\"index, follow, max-snippet:-1, max-image-preview:large, max-video-preview:-1\" \/>\n<link rel=\"canonical\" href=\"https:\/\/javiervalencianorisi.com\/eu\/\" \/>\n<meta property=\"og:locale\" content=\"en_US\" \/>\n<meta property=\"og:type\" content=\"article\" \/>\n<meta property=\"og:title\" content=\"Inicio - Javier Risi\" \/>\n<meta property=\"og:description\" content=\"Sobre nosotros El sabor de la tradici\u00f3n espa\u00f1ola desde 1969 Durante m\u00e1s de 55 a\u00f1os, Risi ha estado trayendo sonrisas a los hogares espa\u00f1oles. Como pioneros en la industria de aperitivos en Espa\u00f1a, nos enorgullece ofrecer productos de la m\u00e1s alta calidad que han acompa\u00f1ado generaciones de momentos felices. Nuestros productos Patatas y Snacks &#8211; [&hellip;]\" \/>\n<meta property=\"og:url\" content=\"https:\/\/javiervalencianorisi.com\/eu\/\" \/>\n<meta property=\"og:site_name\" content=\"Javier Risi\" \/>\n<meta property=\"article:modified_time\" content=\"2025-03-26T10:27:42+00:00\" \/>\n<meta property=\"og:image\" content=\"https:\/\/javiervalencianorisi.com\/wp-content\/uploads\/2025\/03\/10_big_20190516170111.jpg\" \/>\n<meta name=\"twitter:card\" content=\"summary_large_image\" \/>\n<meta name=\"twitter:label1\" content=\"Est. reading time\" \/>\n\t<meta name=\"twitter:data1\" content=\"2 minutua\" \/>\n<script type=\"application\/ld+json\" class=\"yoast-schema-graph\">{\"@context\":\"https:\\\/\\\/schema.org\",\"@graph\":[{\"@type\":\"WebPage\",\"@id\":\"https:\\\/\\\/javiervalencianorisi.com\\\/\",\"url\":\"https:\\\/\\\/javiervalencianorisi.com\\\/\",\"name\":\"Inicio - Javier Risi\",\"isPartOf\":{\"@id\":\"https:\\\/\\\/javiervalencianorisi.com\\\/#website\"},\"primaryImageOfPage\":{\"@id\":\"https:\\\/\\\/javiervalencianorisi.com\\\/#primaryimage\"},\"image\":{\"@id\":\"https:\\\/\\\/javiervalencianorisi.com\\\/#primaryimage\"},\"thumbnailUrl\":\"https:\\\/\\\/javiervalencianorisi.com\\\/wp-content\\\/uploads\\\/2025\\\/03\\\/10_big_20190516170111.jpg\",\"datePublished\":\"2025-02-28T10:50:05+00:00\",\"dateModified\":\"2025-03-26T10:27:42+00:00\",\"breadcrumb\":{\"@id\":\"https:\\\/\\\/javiervalencianorisi.com\\\/#breadcrumb\"},\"inLanguage\":\"eu\",\"potentialAction\":[{\"@type\":\"ReadAction\",\"target\":[\"https:\\\/\\\/javiervalencianorisi.com\\\/\"]}]},{\"@type\":\"ImageObject\",\"inLanguage\":\"eu\",\"@id\":\"https:\\\/\\\/javiervalencianorisi.com\\\/#primaryimage\",\"url\":\"https:\\\/\\\/javiervalencianorisi.com\\\/wp-content\\\/uploads\\\/2025\\\/03\\\/10_big_20190516170111.jpg\",\"contentUrl\":\"https:\\\/\\\/javiervalencianorisi.com\\\/wp-content\\\/uploads\\\/2025\\\/03\\\/10_big_20190516170111.jpg\"},{\"@type\":\"BreadcrumbList\",\"@id\":\"https:\\\/\\\/javiervalencianorisi.com\\\/#breadcrumb\",\"itemListElement\":[{\"@type\":\"ListItem\",\"position\":1,\"name\":\"Portada\",\"item\":\"https:\\\/\\\/javiervalencianorisi.com\\\/\"},{\"@type\":\"ListItem\",\"position\":2,\"name\":\"Inicio\"}]},{\"@type\":\"WebSite\",\"@id\":\"https:\\\/\\\/javiervalencianorisi.com\\\/#website\",\"url\":\"https:\\\/\\\/javiervalencianorisi.com\\\/\",\"name\":\"Javier Risi\",\"description\":\"Venta de aperitivos y frutos secos\",\"publisher\":{\"@id\":\"https:\\\/\\\/javiervalencianorisi.com\\\/#organization\"},\"potentialAction\":[{\"@type\":\"SearchAction\",\"target\":{\"@type\":\"EntryPoint\",\"urlTemplate\":\"https:\\\/\\\/javiervalencianorisi.com\\\/?s={search_term_string}\"},\"query-input\":{\"@type\":\"PropertyValueSpecification\",\"valueRequired\":true,\"valueName\":\"search_term_string\"}}],\"inLanguage\":\"eu\"},{\"@type\":\"Organization\",\"@id\":\"https:\\\/\\\/javiervalencianorisi.com\\\/#organization\",\"name\":\"Javier Risi\",\"url\":\"https:\\\/\\\/javiervalencianorisi.com\\\/\",\"logo\":{\"@type\":\"ImageObject\",\"inLanguage\":\"eu\",\"@id\":\"https:\\\/\\\/javiervalencianorisi.com\\\/#\\\/schema\\\/logo\\\/image\\\/\",\"url\":\"https:\\\/\\\/javiervalencianorisi.com\\\/wp-content\\\/uploads\\\/2025\\\/02\\\/cropped-logo-plano.png\",\"contentUrl\":\"https:\\\/\\\/javiervalencianorisi.com\\\/wp-content\\\/uploads\\\/2025\\\/02\\\/cropped-logo-plano.png\",\"width\":380,\"height\":444,\"caption\":\"Javier Risi\"},\"image\":{\"@id\":\"https:\\\/\\\/javiervalencianorisi.com\\\/#\\\/schema\\\/logo\\\/image\\\/\"}}]}<\/script>\n<!-- \/ Yoast SEO plugin. -->","yoast_head_json":{"title":"Inicio - Javier Risi","robots":{"index":"index","follow":"follow","max-snippet":"max-snippet:-1","max-image-preview":"max-image-preview:large","max-video-preview":"max-video-preview:-1"},"canonical":"https:\/\/javiervalencianorisi.com\/eu\/","og_locale":"en_US","og_type":"article","og_title":"Inicio - Javier Risi","og_description":"Sobre nosotros El sabor de la tradici\u00f3n espa\u00f1ola desde 1969 Durante m\u00e1s de 55 a\u00f1os, Risi ha estado trayendo sonrisas a los hogares espa\u00f1oles. Como pioneros en la industria de aperitivos en Espa\u00f1a, nos enorgullece ofrecer productos de la m\u00e1s alta calidad que han acompa\u00f1ado generaciones de momentos felices. Nuestros productos Patatas y Snacks &#8211; [&hellip;]","og_url":"https:\/\/javiervalencianorisi.com\/eu\/","og_site_name":"Javier Risi","article_modified_time":"2025-03-26T10:27:42+00:00","og_image":[{"url":"https:\/\/javiervalencianorisi.com\/wp-content\/uploads\/2025\/03\/10_big_20190516170111.jpg","type":"","width":"","height":""}],"twitter_card":"summary_large_image","twitter_misc":{"Est. reading time":"2 minutua"},"schema":{"@context":"https:\/\/schema.org","@graph":[{"@type":"WebPage","@id":"https:\/\/javiervalencianorisi.com\/","url":"https:\/\/javiervalencianorisi.com\/","name":"Inicio - Javier Risi","isPartOf":{"@id":"https:\/\/javiervalencianorisi.com\/#website"},"primaryImageOfPage":{"@id":"https:\/\/javiervalencianorisi.com\/#primaryimage"},"image":{"@id":"https:\/\/javiervalencianorisi.com\/#primaryimage"},"thumbnailUrl":"https:\/\/javiervalencianorisi.com\/wp-content\/uploads\/2025\/03\/10_big_20190516170111.jpg","datePublished":"2025-02-28T10:50:05+00:00","dateModified":"2025-03-26T10:27:42+00:00","breadcrumb":{"@id":"https:\/\/javiervalencianorisi.com\/#breadcrumb"},"inLanguage":"eu","potentialAction":[{"@type":"ReadAction","target":["https:\/\/javiervalencianorisi.com\/"]}]},{"@type":"ImageObject","inLanguage":"eu","@id":"https:\/\/javiervalencianorisi.com\/#primaryimage","url":"https:\/\/javiervalencianorisi.com\/wp-content\/uploads\/2025\/03\/10_big_20190516170111.jpg","contentUrl":"https:\/\/javiervalencianorisi.com\/wp-content\/uploads\/2025\/03\/10_big_20190516170111.jpg"},{"@type":"BreadcrumbList","@id":"https:\/\/javiervalencianorisi.com\/#breadcrumb","itemListElement":[{"@type":"ListItem","position":1,"name":"Portada","item":"https:\/\/javiervalencianorisi.com\/"},{"@type":"ListItem","position":2,"name":"Inicio"}]},{"@type":"WebSite","@id":"https:\/\/javiervalencianorisi.com\/#website","url":"https:\/\/javiervalencianorisi.com\/","name":"Javier Risi","description":"Venta de aperitivos y frutos secos","publisher":{"@id":"https:\/\/javiervalencianorisi.com\/#organization"},"potentialAction":[{"@type":"SearchAction","target":{"@type":"EntryPoint","urlTemplate":"https:\/\/javiervalencianorisi.com\/?s={search_term_string}"},"query-input":{"@type":"PropertyValueSpecification","valueRequired":true,"valueName":"search_term_string"}}],"inLanguage":"eu"},{"@type":"Organization","@id":"https:\/\/javiervalencianorisi.com\/#organization","name":"Javier Risi","url":"https:\/\/javiervalencianorisi.com\/","logo":{"@type":"ImageObject","inLanguage":"eu","@id":"https:\/\/javiervalencianorisi.com\/#\/schema\/logo\/image\/","url":"https:\/\/javiervalencianorisi.com\/wp-content\/uploads\/2025\/02\/cropped-logo-plano.png","contentUrl":"https:\/\/javiervalencianorisi.com\/wp-content\/uploads\/2025\/02\/cropped-logo-plano.png","width":380,"height":444,"caption":"Javier Risi"},"image":{"@id":"https:\/\/javiervalencianorisi.com\/#\/schema\/logo\/image\/"}}]}},"_links":{"self":[{"href":"https:\/\/javiervalencianorisi.com\/eu\/wp-json\/wp\/v2\/pages\/25","targetHints":{"allow":["GET"]}}],"collection":[{"href":"https:\/\/javiervalencianorisi.com\/eu\/wp-json\/wp\/v2\/pages"}],"about":[{"href":"https:\/\/javiervalencianorisi.com\/eu\/wp-json\/wp\/v2\/types\/page"}],"author":[{"embeddable":true,"href":"https:\/\/javiervalencianorisi.com\/eu\/wp-json\/wp\/v2\/users\/1"}],"replies":[{"embeddable":true,"href":"https:\/\/javiervalencianorisi.com\/eu\/wp-json\/wp\/v2\/comments?post=25"}],"version-history":[{"count":197,"href":"https:\/\/javiervalencianorisi.com\/eu\/wp-json\/wp\/v2\/pages\/25\/revisions"}],"predecessor-version":[{"id":843,"href":"https:\/\/javiervalencianorisi.com\/eu\/wp-json\/wp\/v2\/pages\/25\/revisions\/843"}],"wp:attachment":[{"href":"https:\/\/javiervalencianorisi.com\/eu\/wp-json\/wp\/v2\/media?parent=25"}],"curies":[{"name":"wp","href":"https:\/\/api.w.org\/{rel}","templated":true}]}}